{"id":1238,"date":"2024-12-09T05:01:39","date_gmt":"2024-12-09T05:01:39","guid":{"rendered":"https:\/\/www.taxcom.mx\/?page_id=1238"},"modified":"2025-02-19T20:46:21","modified_gmt":"2025-02-19T20:46:21","slug":"blog","status":"publish","type":"page","link":"https:\/\/www.taxcom.mx\/usa-en\/blog\/","title":{"rendered":"Blog"},"content":{"rendered":"\t\t<div data-elementor-type=\"wp-page\" data-elementor-id=\"1238\" class=\"elementor elementor-1238\" data-elementor-post-type=\"page\">\n\t\t\t\t<div class=\"elementor-element elementor-element-0ced7df e-flex e-con-boxed e-con e-parent\" data-id=\"0ced7df\" data-element_type=\"container\" data-e-type=\"container\" data-settings=\"{&quot;background_background&quot;:&quot;classic&quot;,&quot;background_motion_fx_motion_fx_scrolling&quot;:&quot;yes&quot;,&quot;background_motion_fx_translateX_effect&quot;:&quot;yes&quot;,&quot;background_motion_fx_translateX_speed&quot;:{&quot;unit&quot;:&quot;px&quot;,&quot;size&quot;:1,&quot;sizes&quot;:[]},&quot;background_motion_fx_translateX_affectedRange&quot;:{&quot;unit&quot;:&quot;%&quot;,&quot;size&quot;:&quot;&quot;,&quot;sizes&quot;:{&quot;start&quot;:0,&quot;end&quot;:100}},&quot;background_motion_fx_devices&quot;:[&quot;desktop&quot;,&quot;tablet&quot;,&quot;mobile&quot;]}\">\n\t\t\t\t\t<div class=\"e-con-inner\">\n\t\t<div class=\"elementor-element elementor-element-75a0005 e-con-full e-flex e-con e-child\" data-id=\"75a0005\" data-element_type=\"container\" data-e-type=\"container\">\n\t\t\t\t<div class=\"elementor-element elementor-element-378da49 breadcrumbs elementor-widget elementor-widget-shortcode\" data-id=\"378da49\" data-element_type=\"widget\" data-e-type=\"widget\" data-widget_type=\"shortcode.default\">\n\t\t\t\t<div class=\"elementor-widget-container\">\n\t\t\t\t\t\t\t<div class=\"elementor-shortcode\"><div class=\"aioseo-breadcrumbs\"><span class=\"aioseo-breadcrumb\">\n\t\t\t<a href=\"https:\/\/www.taxcom.mx\/usa-en\" title=\"Inicio\">Inicio<\/a>\n\t\t<\/span><span class=\"aioseo-breadcrumb-separator\">\u2192<\/span><span class=\"aioseo-breadcrumb\">\n\t\t\tBlog\n\t\t<\/span><\/div><\/div>\n\t\t\t\t\t\t<\/div>\n\t\t\t\t<\/div>\n\t\t\t\t<div class=\"elementor-element elementor-element-097ff89 elementor-widget elementor-widget-heading\" data-id=\"097ff89\" data-element_type=\"widget\" data-e-type=\"widget\" data-widget_type=\"heading.default\">\n\t\t\t\t<div class=\"elementor-widget-container\">\n\t\t\t\t\t<h1 class=\"elementor-heading-title elementor-size-default\">Blog<\/h1>\t\t\t\t<\/div>\n\t\t\t\t<\/div>\n\t\t\t\t<\/div>\n\t\t\t\t\t<\/div>\n\t\t\t\t<\/div>\n\t\t<div class=\"elementor-element elementor-element-74f6311 e-flex e-con-boxed e-con e-parent\" data-id=\"74f6311\" data-element_type=\"container\" data-e-type=\"container\">\n\t\t\t\t\t<div class=\"e-con-inner\">\n\t\t\t\t<div class=\"elementor-element elementor-element-b9f3910 elementor-grid-eael-col-3 elementor-grid-tablet-eael-col-2 elementor-grid-mobile-eael-col-1 elementor-widget elementor-widget-eael-post-grid\" data-id=\"b9f3910\" data-element_type=\"widget\" data-e-type=\"widget\" data-settings=\"{&quot;eael_post_grid_columns&quot;:&quot;eael-col-3&quot;,&quot;eael_post_grid_columns_tablet&quot;:&quot;eael-col-2&quot;,&quot;eael_post_grid_columns_mobile&quot;:&quot;eael-col-1&quot;}\" data-widget_type=\"eael-post-grid.default\">\n\t\t\t\t<div class=\"elementor-widget-container\">\n\t\t\t\t\t<div id=\"eael-post-grid-b9f3910\" class=\"eael-post-grid-container\">\n            <div class=\"eael-post-grid eael-post-appender eael-post-appender-b9f3910 eael-post-grid-style-two\" data-layout-mode=\"grid\"><article class=\"eael-grid-post  eael-post-grid-column eael-pg-post-2929 category-contabilidad\" data-id=\"2929\">\n    <div class=\"eael-grid-post-holder\">\n        <div class=\"eael-grid-post-holder-inner\"><div class=\"eael-entry-media\"><div class=\"eael-entry-overlay fade-in\"><i class=\"fas fa-long-arrow-alt-right\" aria-hidden=\"true\"><\/i><a href=\"https:\/\/www.taxcom.mx\/usa-en\/blog\/contabilidad\/como-elegir-un-despacho-contable-para-mi-empresa\/\"><\/a><\/div><div class=\"eael-entry-thumbnail \">\n                            <img fetchpriority=\"high\" decoding=\"async\" width=\"1600\" height=\"1067\" src=\"https:\/\/www.taxcom.mx\/wp-content\/uploads\/2026\/03\/pexels-photo-3184465-2.webp\" class=\"attachment-full size-full wp-image-2900\" alt=\"\" srcset=\"https:\/\/www.taxcom.mx\/wp-content\/uploads\/2026\/03\/pexels-photo-3184465-2.webp 1600w, https:\/\/www.taxcom.mx\/wp-content\/uploads\/2026\/03\/pexels-photo-3184465-2-300x200.webp 300w, https:\/\/www.taxcom.mx\/wp-content\/uploads\/2026\/03\/pexels-photo-3184465-2-1024x683.webp 1024w, https:\/\/www.taxcom.mx\/wp-content\/uploads\/2026\/03\/pexels-photo-3184465-2-768x512.webp 768w, https:\/\/www.taxcom.mx\/wp-content\/uploads\/2026\/03\/pexels-photo-3184465-2-1536x1024.webp 1536w, https:\/\/www.taxcom.mx\/wp-content\/uploads\/2026\/03\/pexels-photo-3184465-2-18x12.webp 18w\" sizes=\"(max-width: 1600px) 100vw, 1600px\" \/>\n                            <\/div>\n                    <\/div><div class=\"eael-entry-wrapper\"><header class=\"eael-entry-header\"><h2 class=\"eael-entry-title\"><a class=\"eael-grid-post-link\" href=\"https:\/\/www.taxcom.mx\/usa-en\/blog\/contabilidad\/como-elegir-un-despacho-contable-para-mi-empresa\/\" title=\"C\u00f3mo elegir un despacho contable para mi empresa\">C\u00f3mo elegir un despacho contable para mi empresa<\/a><\/h2><\/header><div class=\"eael-entry-content\">\n                                <div class=\"eael-grid-post-excerpt\"><p>Saber c\u00f3mo elegir un despacho contable para mi empresa es...<\/p><a href=\"https:\/\/www.taxcom.mx\/usa-en\/blog\/contabilidad\/como-elegir-un-despacho-contable-para-mi-empresa\/\" class=\"eael-post-elements-readmore-btn\">Leer m\u00e1s<\/a><\/div>\n                            <\/div><div class=\"eael-entry-header-after style-two\"><div class=\"eael-entry-meta\"><span class=\"eael-meta-posted-on\"><i class=\"far fa-clock\"><\/i><time datetime=\"29\/04\/2026\">29\/04\/2026<\/time><\/span><\/div><\/div><\/div><\/div>\n    <\/div>\n<\/article><article class=\"eael-grid-post  eael-post-grid-column eael-pg-post-2926 category-asesoria-fiscal\" data-id=\"2926\">\n    <div class=\"eael-grid-post-holder\">\n        <div class=\"eael-grid-post-holder-inner\"><div class=\"eael-entry-media\"><div class=\"eael-entry-overlay fade-in\"><i class=\"fas fa-long-arrow-alt-right\" aria-hidden=\"true\"><\/i><a href=\"https:\/\/www.taxcom.mx\/usa-en\/blog\/asesoria-fiscal\/despacho-contable-en-cdmx\/\"><\/a><\/div><div class=\"eael-entry-thumbnail \">\n                            <img decoding=\"async\" width=\"900\" height=\"500\" src=\"https:\/\/www.taxcom.mx\/wp-content\/uploads\/2025\/03\/gobierno-corporativo-imagen.webp\" class=\"attachment-full size-full wp-image-2213\" alt=\"\" srcset=\"https:\/\/www.taxcom.mx\/wp-content\/uploads\/2025\/03\/gobierno-corporativo-imagen.webp 900w, https:\/\/www.taxcom.mx\/wp-content\/uploads\/2025\/03\/gobierno-corporativo-imagen-300x167.webp 300w, https:\/\/www.taxcom.mx\/wp-content\/uploads\/2025\/03\/gobierno-corporativo-imagen-768x427.webp 768w, https:\/\/www.taxcom.mx\/wp-content\/uploads\/2025\/03\/gobierno-corporativo-imagen-18x10.webp 18w\" sizes=\"(max-width: 900px) 100vw, 900px\" \/>\n                            <\/div>\n                    <\/div><div class=\"eael-entry-wrapper\"><header class=\"eael-entry-header\"><h2 class=\"eael-entry-title\"><a class=\"eael-grid-post-link\" href=\"https:\/\/www.taxcom.mx\/usa-en\/blog\/asesoria-fiscal\/despacho-contable-en-cdmx\/\" title=\"Despacho contable en CDMX\">Despacho contable en CDMX<\/a><\/h2><\/header><div class=\"eael-entry-content\">\n                                <div class=\"eael-grid-post-excerpt\"><p>Contar con un buen despacho contable en CDMX puede marcar...<\/p><a href=\"https:\/\/www.taxcom.mx\/usa-en\/blog\/asesoria-fiscal\/despacho-contable-en-cdmx\/\" class=\"eael-post-elements-readmore-btn\">Leer m\u00e1s<\/a><\/div>\n                            <\/div><div class=\"eael-entry-header-after style-two\"><div class=\"eael-entry-meta\"><span class=\"eael-meta-posted-on\"><i class=\"far fa-clock\"><\/i><time datetime=\"17\/04\/2026\">17\/04\/2026<\/time><\/span><\/div><\/div><\/div><\/div>\n    <\/div>\n<\/article><article class=\"eael-grid-post  eael-post-grid-column eael-pg-post-2921 category-contabilidad\" data-id=\"2921\">\n    <div class=\"eael-grid-post-holder\">\n        <div class=\"eael-grid-post-holder-inner\"><div class=\"eael-entry-media\"><div class=\"eael-entry-overlay fade-in\"><i class=\"fas fa-long-arrow-alt-right\" aria-hidden=\"true\"><\/i><a href=\"https:\/\/www.taxcom.mx\/usa-en\/blog\/contabilidad\/que-reportes-contables-necesita-direccion\/\"><\/a><\/div><div class=\"eael-entry-thumbnail \">\n                            <img decoding=\"async\" width=\"2560\" height=\"1280\" src=\"https:\/\/www.taxcom.mx\/wp-content\/uploads\/2026\/01\/business-financing-accounting-banking-concept-bus-2025-02-22-19-28-22-utc-scaled.jpg\" class=\"attachment-full size-full wp-image-2707\" alt=\"\" srcset=\"https:\/\/www.taxcom.mx\/wp-content\/uploads\/2026\/01\/business-financing-accounting-banking-concept-bus-2025-02-22-19-28-22-utc-scaled.jpg 2560w, https:\/\/www.taxcom.mx\/wp-content\/uploads\/2026\/01\/business-financing-accounting-banking-concept-bus-2025-02-22-19-28-22-utc-300x150.jpg 300w, https:\/\/www.taxcom.mx\/wp-content\/uploads\/2026\/01\/business-financing-accounting-banking-concept-bus-2025-02-22-19-28-22-utc-1024x512.jpg 1024w, https:\/\/www.taxcom.mx\/wp-content\/uploads\/2026\/01\/business-financing-accounting-banking-concept-bus-2025-02-22-19-28-22-utc-768x384.jpg 768w, https:\/\/www.taxcom.mx\/wp-content\/uploads\/2026\/01\/business-financing-accounting-banking-concept-bus-2025-02-22-19-28-22-utc-1536x768.jpg 1536w, https:\/\/www.taxcom.mx\/wp-content\/uploads\/2026\/01\/business-financing-accounting-banking-concept-bus-2025-02-22-19-28-22-utc-2048x1024.jpg 2048w, https:\/\/www.taxcom.mx\/wp-content\/uploads\/2026\/01\/business-financing-accounting-banking-concept-bus-2025-02-22-19-28-22-utc-18x9.jpg 18w\" sizes=\"(max-width: 2560px) 100vw, 2560px\" \/>\n                            <\/div>\n                    <\/div><div class=\"eael-entry-wrapper\"><header class=\"eael-entry-header\"><h2 class=\"eael-entry-title\"><a class=\"eael-grid-post-link\" href=\"https:\/\/www.taxcom.mx\/usa-en\/blog\/contabilidad\/que-reportes-contables-necesita-direccion\/\" title=\"Qu\u00e9 reportes contables necesita direcci\u00f3n\">Qu\u00e9 reportes contables necesita direcci\u00f3n<\/a><\/h2><\/header><div class=\"eael-entry-content\">\n                                <div class=\"eael-grid-post-excerpt\"><p>Saber qu\u00e9 reportes contables necesita direcci\u00f3n es fundamental para tomar...<\/p><a href=\"https:\/\/www.taxcom.mx\/usa-en\/blog\/contabilidad\/que-reportes-contables-necesita-direccion\/\" class=\"eael-post-elements-readmore-btn\">Leer m\u00e1s<\/a><\/div>\n                            <\/div><div class=\"eael-entry-header-after style-two\"><div class=\"eael-entry-meta\"><span class=\"eael-meta-posted-on\"><i class=\"far fa-clock\"><\/i><time datetime=\"09\/04\/2026\">09\/04\/2026<\/time><\/span><\/div><\/div><\/div><\/div>\n    <\/div>\n<\/article><article class=\"eael-grid-post  eael-post-grid-column eael-pg-post-2918 category-asesoria-fiscal\" data-id=\"2918\">\n    <div class=\"eael-grid-post-holder\">\n        <div class=\"eael-grid-post-holder-inner\"><div class=\"eael-entry-media\"><div class=\"eael-entry-overlay fade-in\"><i class=\"fas fa-long-arrow-alt-right\" aria-hidden=\"true\"><\/i><a href=\"https:\/\/www.taxcom.mx\/usa-en\/blog\/asesoria-fiscal\/errores-fiscales-mas-comunes-en-pymes\/\"><\/a><\/div><div class=\"eael-entry-thumbnail \">\n                            <img loading=\"lazy\" decoding=\"async\" width=\"900\" height=\"500\" src=\"https:\/\/www.taxcom.mx\/wp-content\/uploads\/2025\/03\/ventajas-de-gobierno-corporativo.webp\" class=\"attachment-full size-full wp-image-2214\" alt=\"\" srcset=\"https:\/\/www.taxcom.mx\/wp-content\/uploads\/2025\/03\/ventajas-de-gobierno-corporativo.webp 900w, https:\/\/www.taxcom.mx\/wp-content\/uploads\/2025\/03\/ventajas-de-gobierno-corporativo-300x167.webp 300w, https:\/\/www.taxcom.mx\/wp-content\/uploads\/2025\/03\/ventajas-de-gobierno-corporativo-768x427.webp 768w, https:\/\/www.taxcom.mx\/wp-content\/uploads\/2025\/03\/ventajas-de-gobierno-corporativo-18x10.webp 18w\" sizes=\"(max-width: 900px) 100vw, 900px\" \/>\n                            <\/div>\n                    <\/div><div class=\"eael-entry-wrapper\"><header class=\"eael-entry-header\"><h2 class=\"eael-entry-title\"><a class=\"eael-grid-post-link\" href=\"https:\/\/www.taxcom.mx\/usa-en\/blog\/asesoria-fiscal\/errores-fiscales-mas-comunes-en-pymes\/\" title=\"Errores fiscales m\u00e1s comunes en pymes\">Errores fiscales m\u00e1s comunes en pymes<\/a><\/h2><\/header><div class=\"eael-entry-content\">\n                                <div class=\"eael-grid-post-excerpt\"><p>Los errores fiscales m\u00e1s comunes en pymes suelen aparecer cuando...<\/p><a href=\"https:\/\/www.taxcom.mx\/usa-en\/blog\/asesoria-fiscal\/errores-fiscales-mas-comunes-en-pymes\/\" class=\"eael-post-elements-readmore-btn\">Leer m\u00e1s<\/a><\/div>\n                            <\/div><div class=\"eael-entry-header-after style-two\"><div class=\"eael-entry-meta\"><span class=\"eael-meta-posted-on\"><i class=\"far fa-clock\"><\/i><time datetime=\"31\/03\/2026\">31\/03\/2026<\/time><\/span><\/div><\/div><\/div><\/div>\n    <\/div>\n<\/article><\/div>\n            <div class=\"clearfix\"><\/div>\n        <\/div>            <div class=\"eael-load-more-button-wrap eael-infinity-scroll\" data-offset=\"-200\">\n                <button class=\"eael-load-more-button\" id=\"eael-load-more-btn-b9f3910\" data-widget-id=\"b9f3910\" data-widget=\"b9f3910\" data-page-id=\"1238\" data-template=\"{&quot;dir&quot;:&quot;lite&quot;,&quot;file_name&quot;:&quot;two.php&quot;,&quot;name&quot;:&quot;Post-Grid&quot;}\" data-class=\"Essential_Addons_Elementor\\Elements\\Post_Grid\" data-layout=\"grid\" data-page=\"1\" data-args=\"orderby=date&amp;order=desc&amp;ignore_sticky_posts=1&amp;post_status=publish&amp;posts_per_page=4&amp;offset=0&amp;post_type=post\" data-max-page=\"13\">\n                    <span class=\"eael-btn-loader button__loader\"><\/span>\n                    <span class=\"eael_load_more_text\">Cargar m\u00e1s<\/span>\n                <\/button>\n            <\/div>\n            \t\t\t\t<\/div>\n\t\t\t\t<\/div>\n\t\t\t\t\t<\/div>\n\t\t\t\t<\/div>\n\t\t\t\t<\/div>\n\t\t","protected":false},"excerpt":{"rendered":"<p>Blog Funciones de un asesor fiscal para empresas Un asesor fiscal para empresas desempe\u00f1a un papel clave en&#8230; Leer m\u00e1s 18\/02\/2025 Importancia de la contabilidad financiera La contabilidad financiera desempe\u00f1a un papel fundamental en la gesti\u00f3n&#8230; Leer m\u00e1s 14\/02\/2025 Qu\u00e9 es la contabilidad financiera La contabilidad financiera es una de las ramas m\u00e1s importantes&#8230; Leer [&hellip;]<\/p>\n","protected":false},"author":5,"featured_media":0,"parent":0,"menu_order":0,"comment_status":"closed","ping_status":"closed","template":"","meta":{"footnotes":""},"class_list":["post-1238","page","type-page","status-publish","hentry"],"aioseo_notices":[],"yoast_head":"<!-- This site is optimized with the Yoast SEO plugin v27.4 - https:\/\/yoast.com\/product\/yoast-seo-wordpress\/ -->\n<title>Blog - Taxcom Advisors<\/title>\n<meta name=\"robots\" content=\"index, follow, max-snippet:-1, max-image-preview:large, max-video-preview:-1\" \/>\n<link rel=\"canonical\" href=\"https:\/\/www.taxcom.mx\/usa-en\/blog\/\" \/>\n<meta property=\"og:locale\" content=\"en_US\" \/>\n<meta property=\"og:type\" content=\"article\" \/>\n<meta property=\"og:title\" content=\"Blog - Taxcom Advisors\" \/>\n<meta property=\"og:description\" content=\"Blog Funciones de un asesor fiscal para empresas Un asesor fiscal para empresas desempe\u00f1a un papel clave en&#8230; Leer m\u00e1s 18\/02\/2025 Importancia de la contabilidad financiera La contabilidad financiera desempe\u00f1a un papel fundamental en la gesti\u00f3n&#8230; Leer m\u00e1s 14\/02\/2025 Qu\u00e9 es la contabilidad financiera La contabilidad financiera es una de las ramas m\u00e1s importantes&#8230; Leer [&hellip;]\" \/>\n<meta property=\"og:url\" content=\"https:\/\/www.taxcom.mx\/usa-en\/blog\/\" \/>\n<meta property=\"og:site_name\" content=\"Taxcom Advisors\" \/>\n<meta property=\"article:modified_time\" content=\"2025-02-19T20:46:21+00:00\" \/>\n<meta property=\"og:image\" content=\"https:\/\/www.taxcom.mx\/wp-content\/uploads\/2025\/02\/asesor-fiscal-para-empresas.webp\" \/>\n\t<meta property=\"og:image:width\" content=\"920\" \/>\n\t<meta property=\"og:image:height\" content=\"613\" \/>\n\t<meta property=\"og:image:type\" content=\"image\/webp\" \/>\n<meta name=\"twitter:card\" content=\"summary_large_image\" \/>\n<script type=\"application\/ld+json\" class=\"yoast-schema-graph\">{\"@context\":\"https:\\\/\\\/schema.org\",\"@graph\":[{\"@type\":\"WebPage\",\"@id\":\"https:\\\/\\\/www.taxcom.mx\\\/blog\\\/\",\"url\":\"https:\\\/\\\/www.taxcom.mx\\\/blog\\\/\",\"name\":\"Blog - Taxcom Advisors\",\"isPartOf\":{\"@id\":\"https:\\\/\\\/www.taxcom.mx\\\/#website\"},\"primaryImageOfPage\":{\"@id\":\"https:\\\/\\\/www.taxcom.mx\\\/blog\\\/#primaryimage\"},\"image\":{\"@id\":\"https:\\\/\\\/www.taxcom.mx\\\/blog\\\/#primaryimage\"},\"thumbnailUrl\":\"https:\\\/\\\/www.taxcom.mx\\\/wp-content\\\/uploads\\\/2025\\\/02\\\/asesor-fiscal-para-empresas.webp\",\"datePublished\":\"2024-12-09T05:01:39+00:00\",\"dateModified\":\"2025-02-19T20:46:21+00:00\",\"breadcrumb\":{\"@id\":\"https:\\\/\\\/www.taxcom.mx\\\/blog\\\/#breadcrumb\"},\"inLanguage\":\"en-US\",\"potentialAction\":[{\"@type\":\"ReadAction\",\"target\":[\"https:\\\/\\\/www.taxcom.mx\\\/blog\\\/\"]}]},{\"@type\":\"ImageObject\",\"inLanguage\":\"en-US\",\"@id\":\"https:\\\/\\\/www.taxcom.mx\\\/blog\\\/#primaryimage\",\"url\":\"https:\\\/\\\/www.taxcom.mx\\\/wp-content\\\/uploads\\\/2025\\\/02\\\/asesor-fiscal-para-empresas.webp\",\"contentUrl\":\"https:\\\/\\\/www.taxcom.mx\\\/wp-content\\\/uploads\\\/2025\\\/02\\\/asesor-fiscal-para-empresas.webp\"},{\"@type\":\"BreadcrumbList\",\"@id\":\"https:\\\/\\\/www.taxcom.mx\\\/blog\\\/#breadcrumb\",\"itemListElement\":[{\"@type\":\"ListItem\",\"position\":1,\"name\":\"Inicio\",\"item\":\"https:\\\/\\\/www.taxcom.mx\\\/\"},{\"@type\":\"ListItem\",\"position\":2,\"name\":\"Blog\"}]},{\"@type\":\"WebSite\",\"@id\":\"https:\\\/\\\/www.taxcom.mx\\\/#website\",\"url\":\"https:\\\/\\\/www.taxcom.mx\\\/\",\"name\":\"Taxcom Advisors\",\"description\":\"Servicios Fiscales y Contables Especializados\",\"publisher\":{\"@id\":\"https:\\\/\\\/www.taxcom.mx\\\/#organization\"},\"potentialAction\":[{\"@type\":\"SearchAction\",\"target\":{\"@type\":\"EntryPoint\",\"urlTemplate\":\"https:\\\/\\\/www.taxcom.mx\\\/?s={search_term_string}\"},\"query-input\":{\"@type\":\"PropertyValueSpecification\",\"valueRequired\":true,\"valueName\":\"search_term_string\"}}],\"inLanguage\":\"en-US\"},{\"@type\":\"Organization\",\"@id\":\"https:\\\/\\\/www.taxcom.mx\\\/#organization\",\"name\":\"Taxcom Advisors\",\"url\":\"https:\\\/\\\/www.taxcom.mx\\\/\",\"logo\":{\"@type\":\"ImageObject\",\"inLanguage\":\"en-US\",\"@id\":\"https:\\\/\\\/www.taxcom.mx\\\/#\\\/schema\\\/logo\\\/image\\\/\",\"url\":\"https:\\\/\\\/www.taxcom.mx\\\/wp-content\\\/uploads\\\/2022\\\/10\\\/LOGOTIPO-001-1.png\",\"contentUrl\":\"https:\\\/\\\/www.taxcom.mx\\\/wp-content\\\/uploads\\\/2022\\\/10\\\/LOGOTIPO-001-1.png\",\"width\":671,\"height\":208,\"caption\":\"Taxcom Advisors\"},\"image\":{\"@id\":\"https:\\\/\\\/www.taxcom.mx\\\/#\\\/schema\\\/logo\\\/image\\\/\"}}]}<\/script>\n<!-- \/ Yoast SEO plugin. -->","yoast_head_json":{"title":"Blog - Taxcom Advisors","robots":{"index":"index","follow":"follow","max-snippet":"max-snippet:-1","max-image-preview":"max-image-preview:large","max-video-preview":"max-video-preview:-1"},"canonical":"https:\/\/www.taxcom.mx\/usa-en\/blog\/","og_locale":"en_US","og_type":"article","og_title":"Blog - Taxcom Advisors","og_description":"Blog Funciones de un asesor fiscal para empresas Un asesor fiscal para empresas desempe\u00f1a un papel clave en&#8230; Leer m\u00e1s 18\/02\/2025 Importancia de la contabilidad financiera La contabilidad financiera desempe\u00f1a un papel fundamental en la gesti\u00f3n&#8230; Leer m\u00e1s 14\/02\/2025 Qu\u00e9 es la contabilidad financiera La contabilidad financiera es una de las ramas m\u00e1s importantes&#8230; Leer [&hellip;]","og_url":"https:\/\/www.taxcom.mx\/usa-en\/blog\/","og_site_name":"Taxcom Advisors","article_modified_time":"2025-02-19T20:46:21+00:00","og_image":[{"width":920,"height":613,"url":"https:\/\/www.taxcom.mx\/wp-content\/uploads\/2025\/02\/asesor-fiscal-para-empresas.webp","type":"image\/webp"}],"twitter_card":"summary_large_image","schema":{"@context":"https:\/\/schema.org","@graph":[{"@type":"WebPage","@id":"https:\/\/www.taxcom.mx\/blog\/","url":"https:\/\/www.taxcom.mx\/blog\/","name":"Blog - Taxcom Advisors","isPartOf":{"@id":"https:\/\/www.taxcom.mx\/#website"},"primaryImageOfPage":{"@id":"https:\/\/www.taxcom.mx\/blog\/#primaryimage"},"image":{"@id":"https:\/\/www.taxcom.mx\/blog\/#primaryimage"},"thumbnailUrl":"https:\/\/www.taxcom.mx\/wp-content\/uploads\/2025\/02\/asesor-fiscal-para-empresas.webp","datePublished":"2024-12-09T05:01:39+00:00","dateModified":"2025-02-19T20:46:21+00:00","breadcrumb":{"@id":"https:\/\/www.taxcom.mx\/blog\/#breadcrumb"},"inLanguage":"en-US","potentialAction":[{"@type":"ReadAction","target":["https:\/\/www.taxcom.mx\/blog\/"]}]},{"@type":"ImageObject","inLanguage":"en-US","@id":"https:\/\/www.taxcom.mx\/blog\/#primaryimage","url":"https:\/\/www.taxcom.mx\/wp-content\/uploads\/2025\/02\/asesor-fiscal-para-empresas.webp","contentUrl":"https:\/\/www.taxcom.mx\/wp-content\/uploads\/2025\/02\/asesor-fiscal-para-empresas.webp"},{"@type":"BreadcrumbList","@id":"https:\/\/www.taxcom.mx\/blog\/#breadcrumb","itemListElement":[{"@type":"ListItem","position":1,"name":"Inicio","item":"https:\/\/www.taxcom.mx\/"},{"@type":"ListItem","position":2,"name":"Blog"}]},{"@type":"WebSite","@id":"https:\/\/www.taxcom.mx\/#website","url":"https:\/\/www.taxcom.mx\/","name":"Taxcom Advisors","description":"Servicios Fiscales y Contables Especializados","publisher":{"@id":"https:\/\/www.taxcom.mx\/#organization"},"potentialAction":[{"@type":"SearchAction","target":{"@type":"EntryPoint","urlTemplate":"https:\/\/www.taxcom.mx\/?s={search_term_string}"},"query-input":{"@type":"PropertyValueSpecification","valueRequired":true,"valueName":"search_term_string"}}],"inLanguage":"en-US"},{"@type":"Organization","@id":"https:\/\/www.taxcom.mx\/#organization","name":"Taxcom Advisors","url":"https:\/\/www.taxcom.mx\/","logo":{"@type":"ImageObject","inLanguage":"en-US","@id":"https:\/\/www.taxcom.mx\/#\/schema\/logo\/image\/","url":"https:\/\/www.taxcom.mx\/wp-content\/uploads\/2022\/10\/LOGOTIPO-001-1.png","contentUrl":"https:\/\/www.taxcom.mx\/wp-content\/uploads\/2022\/10\/LOGOTIPO-001-1.png","width":671,"height":208,"caption":"Taxcom Advisors"},"image":{"@id":"https:\/\/www.taxcom.mx\/#\/schema\/logo\/image\/"}}]}},"_links":{"self":[{"href":"https:\/\/www.taxcom.mx\/usa-en\/wp-json\/wp\/v2\/pages\/1238","targetHints":{"allow":["GET"]}}],"collection":[{"href":"https:\/\/www.taxcom.mx\/usa-en\/wp-json\/wp\/v2\/pages"}],"about":[{"href":"https:\/\/www.taxcom.mx\/usa-en\/wp-json\/wp\/v2\/types\/page"}],"author":[{"embeddable":true,"href":"https:\/\/www.taxcom.mx\/usa-en\/wp-json\/wp\/v2\/users\/5"}],"replies":[{"embeddable":true,"href":"https:\/\/www.taxcom.mx\/usa-en\/wp-json\/wp\/v2\/comments?post=1238"}],"version-history":[{"count":31,"href":"https:\/\/www.taxcom.mx\/usa-en\/wp-json\/wp\/v2\/pages\/1238\/revisions"}],"predecessor-version":[{"id":2160,"href":"https:\/\/www.taxcom.mx\/usa-en\/wp-json\/wp\/v2\/pages\/1238\/revisions\/2160"}],"wp:attachment":[{"href":"https:\/\/www.taxcom.mx\/usa-en\/wp-json\/wp\/v2\/media?parent=1238"}],"curies":[{"name":"wp","href":"https:\/\/api.w.org\/{rel}","templated":true}]}}